{"id":75,"date":"2024-02-15T10:54:05","date_gmt":"2024-02-15T10:54:05","guid":{"rendered":"https:\/\/edi.ifzg.hr\/?page_id=75"},"modified":"2026-02-04T14:09:27","modified_gmt":"2026-02-04T14:09:27","slug":"activities","status":"publish","type":"page","link":"https:\/\/edi.ifzg.hr\/index.php\/activities\/","title":{"rendered":"Activities"},"content":{"rendered":"\n<p class=\"has-text-align-center has-large-font-size\"><a href=\"http:\/\/edi.ifzg.hr\" data-type=\"link\" data-id=\"edi.ifzg.hr\">Ethics and Social Challenges<\/a><\/p>\n\n\n\n<div class=\"wp-block-buttons is-content-justification-center is-layout-flex wp-container-core-buttons-is-layout-a89b3969 wp-block-buttons-is-layout-flex\">\n<div class=\"wp-block-button\"><a class=\"wp-block-button__link has-small-font-size has-custom-font-size wp-element-button\" href=\"https:\/\/edi.ifzg.hr\/index.php\/about_the_project\/\">About the project<\/a><\/div>\n\n\n\n<div class=\"wp-block-button\"><a class=\"wp-block-button__link has-small-font-size has-custom-font-size wp-element-button\" href=\"https:\/\/edi.ifzg.hr\/index.php\/members\/\">Members<\/a><\/div>\n\n\n\n<div class=\"wp-block-button\"><a class=\"wp-block-button__link has-small-font-size has-custom-font-size wp-element-button\" href=\"https:\/\/edi.ifzg.hr\/index.php\/publications\/\">Publications<\/a><\/div>\n\n\n\n<div class=\"wp-block-button\"><a class=\"wp-block-button__link has-small-font-size has-custom-font-size wp-element-button\" href=\"https:\/\/edi.ifzg.hr\/index.php\/activities\/\">Activities<\/a><\/div>\n\n\n\n<div class=\"wp-block-button\"><a class=\"wp-block-button__link has-small-font-size has-custom-font-size wp-element-button\" href=\"https:\/\/edi.ifzg.hr\/index.php\/contact\/\">Contact<\/a><\/div>\n<\/div>\n\n\n\n<p class=\"has-large-font-size\">Activities<\/p>\n\n\n\n<p><strong>Presentations<\/strong><\/p>\n\n\n\n<p>Joli\u0107, Tvrtko, \u201eOd instinkta do dostojanstva: Vjekoslav Rotkvi\u0107 o temelju moralnog napretka\u201d (conference: \u201eGodi\u0161nja konferencija Instituta za filozofiju: Hrvatska filozofija, proslava pedeset godina \u010dasopisa Prilozi za istra\u017eivanje hrvatske filozofske ba\u0161tine\u201c, Zagreb, Croatia, 4-5 December 2025)<\/p>\n\n\n\n<p>Biturajac, Mia, \u201eAndrija \u0160tampar kroz prizmu suvremene filozofije medicine\u201d (conference: \u201eGodi\u0161nja konferencija Instituta za filozofiju: Hrvatska filozofija, proslava pedeset godina \u010dasopisa Prilozi za istra\u017eivanje hrvatske filozofske ba\u0161tine\u201c, Zagreb, Croatia, 4-5 December 2025)<\/p>\n\n\n\n<p>Ivankovi\u0107, Viktor and Kadi\u0107, Nino, \u201eCan a videogame be part of Croatian philosophical heritage? The example of The Talos Principle series\u201d (conference: \u201eGodi\u0161nja konferencija Instituta za filozofiju: Hrvatska filozofija, proslava pedeset godina \u010dasopisa Prilozi za istra\u017eivanje hrvatske filozofske ba\u0161tine\u201c, Zagreb, Croatia, 4-5 December 2025)<\/p>\n\n\n\n<p>Grgi\u0107, Filip, \u201ePrakti\u010dna istina: dva pristupa\u201c (conference: \u201eIzazovi filozofije: 10. godi\u0161nja konferencija Udruge za promicanje filozofije\u201c, Zagreb, Croatia, 14 November 2025)<\/p>\n\n\n\n<p>Domazet, Mladen, \u201e\u017divjeti bez mapa: \u201csablasno djelovanje na daljinu\u201d kao metafora za \u201cprosperitetni silazak\u201d\u201c (conference: \u201eIzazovi filozofije: 10. godi\u0161nja konferencija Udruge za promicanje filozofije\u201c, Zagreb, Croatia, 14 November 2025)<\/p>\n\n\n\n<p>Kadi\u0107, Nino, \u201eRussellian Physicalism, Mereology, and Inscrutables\u201c (conference: \u201eXI Congress of the Spanish Society for Analytic Philosophy (XI SEFA)\u201c,&nbsp; Seville, Spain,1-3 October 2025)<\/p>\n\n\n\n<p>Crnko, Tamara and Balorda, Vito, \u201eResponsibility Without Blame: Philosophers and the Decline of Trust in Science\u201c (conference: \u201eZagreb Applied Ethics Conference 2025\u201c, Zagreb, Croatia, 24-26 September 2025)<\/p>\n\n\n\n<p>Crnko, Tamara and Balorda, Vito, \u201eBridging the Science-Public Communication Gap: Why Philosophy of Science Matters\u201c (conference: \u201eEPSA2025: The 10th biennial meeting of the European Philosophy of Science Association\u201c, Groningen, Netherlands, 27-30 August 2025)<\/p>\n\n\n\n<p>Ivankovi\u0107, Viktor and Moles, Andres, \u201eLiberal Neutrality and the Effects of Democratic Design\u201c (conference: \u201eThe Philosophy of Neutrality: 2025 Symposium of the Swiss Philosophical Society\u201c, Neuchatel, Switzerland, 27-29 August 2025) &nbsp;<\/p>\n\n\n\n<p>Crnko, Tamara and Balorda, Vito, \u201ePitaj filozofa: dru\u0161tveno anga\u017eirana filozofija\u201c (conference: \u201eDr\u017eavni stru\u010dni skup za nastavnike filozofije, etike i logike: \u201eInterdisciplinarni pristupi u odgoju i obrazovanju: teorija, praksa i vrijednosti\u201d, Rijeka, Croatia, 27 June 2025)<\/p>\n\n\n\n<p>Biturajac, Mia \u201eThe Work of Andrija \u0160tampar Through the Lens of Philosophy of Medicine\u201c (conference: \u201eThe Interface Problem in the Philosophy of Law and Psychiatry\u201c, Rijeka, Croatia, 26 June 2025)<\/p>\n\n\n\n<p>Domazet, Mladen, \u201eMapping legal constraints for degrowth transformation and changing mindsets in municipalities\u201c (conference: \u201e18th Conference of the International Society for Ecological Economics and 11th International Degrowth Conference\u201c, Oslo, Norway, 24-27 June 2025)<\/p>\n\n\n\n<p>Domazet, Mladen, \u201e\u201c\u010cemu to?\u201c \u2013 filozofiranje drvene klupe Augusta Cesarca\u201c (conference: \u201eZnanstveni skup Nove teme u hrvatskoj filozofiji od 1874. do 1945. godine\u201c, Zagreb, Croatia, 5-6 June 2025)<\/p>\n\n\n\n<p>Grgi\u0107, Filip, \u201eTruth and Action\u201c (conference: \u201eNenad v na\u0161ih mislih\u201c, Maribor, Slovenia, 27-28 May 2025)<\/p>\n\n\n\n<p>Ivankovi\u0107, Viktor and Savi\u0107, Lovro, \u201eThe Rights of Psychopaths\u201c (conference: \u201eOZSW \u2013 Annual Conference of the Dutch Research School of Philosophy\u201c, Delft, Netherlands, 19-20 May 2025)<\/p>\n\n\n\n<p>Grgi\u0107, Filip, \u201ePractical Truth\u201c (conference: \u201eThe Legacy of Nenad&#8217;s Philosophical Thought\u201c, Rijeka, Croatia, 10-11 April 2025)<\/p>\n\n\n\n<p>Biturajac, Mia, \u201eNenad Mi\u0161\u010devi\u0107 on Thought Experiments\u201c (conference: \u201eThe Legacy of Nenad&#8217;s Philosophical Thought\u201c, Rijeka, Croatia, 10-11 April 2025)<\/p>\n\n\n\n<p>Ivankovi\u0107, Viktor, \u201eThe Distance Principle, Nationalism, and Mi\u0161\u010devi\u0107\u2019s Hated Neighbor Truism\u201c (conference: \u201eThe Legacy of Nenad&#8217;s Philosophical Thought\u201c, Rijeka, Croatia, 10-11 April 2025)<\/p>\n\n\n\n<p>Ivankovi\u0107, Viktor and Kadi\u0107, Nino, \u201eConscious AI and Moral Caution\u201c, (conference: \u201eThinking the Future: 11th Congress of the Austrian Society for Philosophy\u201c, Graz, Austria, 25-28 February 2025)<\/p>\n\n\n\n<p>Ivankovi\u0107, Viktor and Moles, Andres, \u201eLiberal Neutrality and the Effects of Democratic Design\u201c (conference: \u201eAttention, Politics and Democracy\u201c, Oslo, Norway, 20-21 February 2025)<\/p>\n\n\n\n<p>Bracanovi\u0107, Tomislav, \u201eTherapeutic robots as placebo friends\u201c (conference: \u201eInternational Conference Artificial Intelligence and Neurodivergent Groups \u2013 Ethical Challenges\u201c, Rijeka, Croatia, 7 February 2025)<\/p>\n\n\n\n<p>Domazet, Mladen and Lubbock, Rowan, \u201eMovement without a Movement\u201c (conference: \u201eAfter Development Lecutres 2024\u201c, Bergen, Norway, 16-20 December 2024)<\/p>\n\n\n\n<p>Crnko, Tamara and Balorda, Vito, \u201eThe Role of Philosophers in Rebuilding Trust in Science\u201c (conference: \u201ePublic Philosophy: Perspectives and Challenges\u201c, Zagreb, Croatia, 5-6 December 2024)<\/p>\n\n\n\n<p>Ivankovi\u0107, Viktor, \u201eMoral philosophizing and moral progress: Embracing the weak entanglement view\u201c (conference: \u201ePublic Philosophy: Perspectives and Challenges\u201c, Zagreb, Croatia, 5-6 December 2024)<\/p>\n\n\n\n<p>Grgi\u0107, Lovro, \u201eRevolucija, barbarstvo i moralni napredak\u201c (conference: \u201eKant 300\u201c, Belgrade, Serbia, 5-6 December 2024)<\/p>\n\n\n\n<p>Domazet, Mladen, \u201eDegrowth Doughnut \u2013 visualising and communicating a just sustainability\u201c (conference:\u201eErasmus+ GEM partnership\u201c, 3 December 2024)<\/p>\n\n\n\n<p>Grgi\u0107, Filip, \u201eOdgovornost i vrijeme\u201c (conference: \u201ePojam vremena\u201c, Matica hrvatska, Zagreb, Hrvatska, 29 November 2024)<\/p>\n\n\n\n<p>Grgi\u0107, Lovro, \u201eA European Army \u2013 a Necessity on the Road to Perpetual Peace?, (conference: \u201eEuropean Union as a realization of Kant&#8217;s idea of perpetual peace?\u201c, Zadar, Croatia, 20-22 November 2024)<\/p>\n\n\n\n<p>Domazet, Mladen, \u201eDegrowth Discourses on the European Semiperiphery\u201c (conference: \u201eDevelopment Beyond Growth \u2013 Global and Local Perspectives on Just Transitions\u201c, Bonn, Germany, 6-7 November 2024)<\/p>\n\n\n\n<p>Bracanovi\u0107, Tomislav, \u201eVojni roboti i teorija pravednog rata\u201c (conference: \u201eNaslje\u0111e u filozofiji: kontinuitet i promjene\u201c, Institute of Philosophy, Zagreb, Croatia, 25 October 2024)<\/p>\n\n\n\n<p>Ivankovi\u0107, Viktor and Kudlek, Karolina, \u201eNudges, Norms and Moral Progress\u201c (conference: \u201eESDiT \/ 4TU.Ethics Conference \u201cRethinking Ethics \u2013 Reimagining Technology\u201d\u201c, Enschede, Netherlands, 2-4 October 2024)<\/p>\n\n\n\n<p>Ivankovi\u0107, Viktor and Kudlek, Karolina, \u201eNudges, Norms and Moral Progress\u201c (conference: \u201eOZSW Annual Conference 2024\u201c, Eindhoven, Netherlands, 30-31 August 2024)<\/p>\n\n\n\n<p>Joli\u0107, Tvrtko, \u201eAgents of moral progress: Individual and collective perspectives\u201c (conference: \u201eXXV World Congress of Philosophy: Philosophy across Boundaries\u201c, Rome, Italy, 1-8 August 2024)<\/p>\n\n\n\n<p>Crnko, Tamara and Balorda, Vito, \u201eThe Role of Philosophers in Rebuilding Trust in Science\u201c (conference: \u201e25th CSAP annual conference: Contemporary Philosophical Issues\u201c, Rijeka, Croatia, 18-19 July 2024)<\/p>\n\n\n\n<p>Grgi\u0107, Filip, \u201eIgnorance, Excuse, and Regret\u201c (conference: \u201e25th CSAP annual conference: Contemporary Philosophical Issues\u201c, Rijeka, Croatia, 18-19 July 2024)<\/p>\n\n\n\n<p>Domazet, Mladen, \u201eKlimatske promjene i ekonomija krafne\u201c (conference: \u201eZelena \u0161kola Vla\u0161i\u0107\u201c, 3-5 July 2024)<\/p>\n\n\n\n<p>Ivankovi\u0107, Viktor, \u201eReconceiving Transparency and Watchfulness for AI-Nudging\u201c (conference: \u201e14th Braga Meetings on Ethics and Political Philosophy\u201c, Braga, Portugal, 26-28 June 2024)<\/p>\n\n\n\n<p>Joli\u0107, Tvrtko, \u201eMoral and Political Progress: Individual vs. Collective Perspective\u201c (conference: \u201e22nd Annual International Conference on Politics &amp; International Studies\u201c, Athens, Greece, 17-20 June 2024)<\/p>\n\n\n\n<p>Ivankovi\u0107, Viktor and Kudlek, Karolina, \u201eNudges, Norms and Moral Progress\u201c&nbsp; (conference: \u201eChange: International Conference\u201c, Belgrade, Serbia, 12-15 June 2024)<\/p>\n\n\n\n<p>Ivankovi\u0107, Viktor, \u201eThe Inevitability Argument for Choice Architecture and the Evidence-Based View\u201c (conference: \u201eSummer School &#8216;Equality and Citizenship&#8217; 2024\u201c, Rijeka, Croatia, 3-7 June 2024)<\/p>\n\n\n\n<p>Grgi\u0107, Lovro, \u201eKant on Barbarism \u2013 the Limits of Political Legitimacy\u201c (conference: \u201eDoctoral workshop with prof. David Estlund\u201c, Rijeka, Croatia, 23 May 2024)<\/p>\n\n\n\n<p>Domazet, Mladen, \u201eEco-justice: theories of global ecological justice and climate challenges in Eastern Europe\u201c (conference: \u201eErasmus+ Ecojustice partnership\u201c, Hungary, 9-10 May 2024)<\/p>\n\n\n\n<p>Grgi\u0107, Filip, \u201eWeakness of Will and Negligence\u201c (conference: \u201eEmotions and Motivation \u2013 Drivers of Behavior\u201c, 7 March 2024)<\/p>\n\n\n\n<p>Ivankovi\u0107, Viktor, \u201eWhat (if anything) morally separates environmental from neurochemical behavioral interventions?\u201c (conference: \u201eNudge: Behavioral Objectives and Technological Means\u201c, 12 February 2024)<\/p>\n\n\n\n<p><strong>Public events<\/strong><\/p>\n\n\n\n<p>Crnko, Tarmara, &#8220;Challenging the argument from self-determination: exclusion, liberalism, and democracy&#8221; (project workshop: Institute of Philosophy, Zagreb, 7 February 2025)<\/p>\n\n\n\n<p>Ivankovi\u0107, Viktor, \u201eNudges, Norms and Moral Progress\u201c (public lecture: Uehiro Oxford Institute, University of Oxford, 6 November 2024)<\/p>\n\n\n\n<p>Biturajac, Mia, \u201eThe Meta-debate on Mental Disorders and Compassionsm\u201c (project workshop: Institute of philosophy, 12 September 2024)<\/p>\n\n\n\n<p>Grgi\u0107, Filip, \u201eKada je neznanje izgovor?\u201c (project workshop: Institute of philosophy, 23 May 2024)<\/p>\n\n\n\n<p>Vrdoljak, Tvrtko, \u201eDo Theories of Social Change Have to be Sociocentric? A New Naturalist Proposal\u201c (online project workshop: Institute of philosophy, 25 April 2024)<\/p>\n\n\n\n<p><strong>Organization<\/strong><\/p>\n\n\n\n<p><a href=\"https:\/\/mopic.ifzg.hr\/index.php\/conference-zaec-2025\/\" target=\"_blank\" rel=\"noreferrer noopener\">Zagreb Applied Ethics Conference 2025<\/a>, Zagreb, Croatia.<\/p>\n\n\n\n<p><strong>Participation in events and roundtables<\/strong><\/p>\n\n\n\n<p>Domazet, Mladen, presentation: \u201cZavist\u201d, as part of the roundtable discussion \u201cTurbina: Turbo-tribina\u201d, Mo\u010dvara (13 December 2025)<\/p>\n\n\n\n<p>Domazet, Mladen, presentation: \u201ePoliti\u010dka ekologija: danas i ovdje\u201c, as part of the School of political ecology, Belgrade, Serbia (5 October 2025)<\/p>\n\n\n\n<p>Domazet, Mladen, presentation: \u201eOdrast kao infrapolitika na poluperiferiji\u201c, as part of a roundtable discussion of the Institute of Ethnology and Folklore Research (30 September 2025)<\/p>\n\n\n\n<p>Biturajac, Mia, roundtable discussion: \u201eMedicina iz perspektive Andrije \u0160tampara i Ivana Illicha: zdravlje, dru\u0161tvo i etika\u201c, KIC, Zagreb, Croatia (18 June 2025)<\/p>\n\n\n\n<p>Ivankovi\u0107, Viktor, presentation: \u201eA Target in Motion: Extending the Ethical AI Landscape\u201c; Kadi\u0107, Nino, presentation: \u201eMoral Status in Synthetic and Emulated AI\u201c, as part of a roundtable discussion on the book of Tomislav Bracanovi\u0107 <em>Etika umjetne inteligencije<\/em>, and as part of the conference \u201eThe 3rd International Conference on the Relation between Artificial Intelligence, Social Sciences, and Humanities\u201c, Zagreb, Croatia (3 June 2025)<\/p>\n\n\n\n<p>Crnko, Tamara and Balorda, Vito, presentation: \u201eZnanost na aparatima? Filozofi dolaze u pomo\u0107!\u201c, as part of a popular conference \u201ePint of Science Festival\u201c, Rijeka, Croatia (19 May 2025)<\/p>\n\n\n\n<p>Ivankovi\u0107, Viktor and Kadi\u0107, Nino, workshop: \u201eDisinformation at work \u2013 Understanding and recognizing fake news\u201c, as part of the conference \u201eDeception, Lies, and Disinformation\u201c, organized by the Croatian Fulbrighters, Zagreb, Croatia (24 January 2025)<\/p>\n\n\n\n<p><strong>Media appearances<\/strong><\/p>\n\n\n\n<p>Domazet, Mladen, interview: \u201eA gdje su kitovi?\u201c (Radio Student) (17 November 2025)<\/p>\n\n\n\n<p>Domazet, Mladen, interview: \u201eMladen Domazet: Rat je najru\u017eniji oblik ekonomije rasta\u201c (Novosti) (24 October 2025)<\/p>\n\n\n\n<p>Crnko, Tamara and Balorda, Vito, blog post: \u201eHow Can Philosophers Rebuild Trust in Science?\u201c (Blog of the APA) (13 October 2025)<\/p>\n\n\n\n<p>Domazet, Mladen, blog post: \u201eStruggle for Justice, Freedom and Beauty as Denial of Despair\u201c (Kronika: filozofski magazin) (16 September 2025)<\/p>\n\n\n\n<p>Domazet, Mladen, blog post: \u201eStories of expanded solidarity: the personal and the political in the degrowth perspective from the European periphery\u201c (degrowthUK) (19 June 2025)<\/p>\n\n\n\n<p>Domazet, Mladen, participation in \u201eI. Gregov: \u201eIzme\u0111u Sunje i Oxforda\u201c\u201c (Hrvatska radiotelevizija, \u201eDokumentarne radio drame\u201c) (28 May 2025)<\/p>\n\n\n\n<p>Crnko, Tamara and Balorda, Vito, blog post: \u201ePitaj filozofa: Kako vratiti povjerenje u znanost?\u201c (Kronika: filozofski magazin) (12 May 2025)<\/p>\n\n\n\n<p>Ivankovi\u0107, Viktor, blog post: \u201e\u0160to stvarno, stvarno \u017eelimo: Za\u0161to su istinske preferencije va\u017ene za teoriju poticanja\u201c (Institut za filozofiju: osvrti) (14 April 2025)<\/p>\n\n\n\n<p>Engelen, Bart and Ivankovi\u0107, Viktor, blog post: \u201eWhat I Really, Really Want: Why True Preferences Matter for Nudging\u201c (Justice Everywhere: A Blog About Philosophy in Public Affairs) (13 March 2025)<\/p>\n\n\n\n<p>Domazet, Mladen, post: \u201eEthics of Sustainability and Global Environmental Justice\u201c, as part of the #edufocus series, webpage: \u201eNetwork of Education Policy Centers\u201d (28 February 2025)<\/p>\n\n\n\n<p><strong>Scholarly visits<\/strong><\/p>\n\n\n\n<p>Biturajac, Mia, summer school: \u201cA Journey into Chinese Thought and Modern Civilization\u201d, Beijing Normal University (BNU), Beijing, China, 10-24 July 2025<\/p>\n\n\n\n<p>Domazet, Mladen, Ecological Economics Research Center, Corvinus University, Budapest, Hungary, 20-23 November 2025<\/p>\n\n\n\n<p>Domazet, Mladen, Ecological Economics Research Center, Corvinus University, Budapest, Hungary, 15-17 October 2024.<\/p>\n","protected":false},"excerpt":{"rendered":"<p>Ethics and Social Challenges Activities Presentations Joli\u0107, Tvrtko, \u201eOd instinkta do dostojanstva: Vjekoslav Rotkvi\u0107 o temelju moralnog napretka\u201d (conference: \u201eGodi\u0161nja konferencija Instituta za filozofiju: Hrvatska filozofija, proslava pedeset godina \u010dasopisa Prilozi za istra\u017eivanje hrvatske filozofske ba\u0161tine\u201c, Zagreb, Croatia, 4-5 December 2025) Biturajac, Mia, \u201eAndrija \u0160tampar kroz prizmu suvremene filozofije medicine\u201d (conference: \u201eGodi\u0161nja konferencija Instituta za [&hellip;]<\/p>\n","protected":false},"author":1,"featured_media":0,"parent":0,"menu_order":0,"comment_status":"closed","ping_status":"closed","template":"page-no-title","meta":{"footnotes":""},"class_list":["post-75","page","type-page","status-publish","hentry"],"_links":{"self":[{"href":"https:\/\/edi.ifzg.hr\/index.php\/wp-json\/wp\/v2\/pages\/75","targetHints":{"allow":["GET"]}}],"collection":[{"href":"https:\/\/edi.ifzg.hr\/index.php\/wp-json\/wp\/v2\/pages"}],"about":[{"href":"https:\/\/edi.ifzg.hr\/index.php\/wp-json\/wp\/v2\/types\/page"}],"author":[{"embeddable":true,"href":"https:\/\/edi.ifzg.hr\/index.php\/wp-json\/wp\/v2\/users\/1"}],"replies":[{"embeddable":true,"href":"https:\/\/edi.ifzg.hr\/index.php\/wp-json\/wp\/v2\/comments?post=75"}],"version-history":[{"count":7,"href":"https:\/\/edi.ifzg.hr\/index.php\/wp-json\/wp\/v2\/pages\/75\/revisions"}],"predecessor-version":[{"id":187,"href":"https:\/\/edi.ifzg.hr\/index.php\/wp-json\/wp\/v2\/pages\/75\/revisions\/187"}],"wp:attachment":[{"href":"https:\/\/edi.ifzg.hr\/index.php\/wp-json\/wp\/v2\/media?parent=75"}],"curies":[{"name":"wp","href":"https:\/\/api.w.org\/{rel}","templated":true}]}}