{"id":35,"date":"2024-02-14T14:54:12","date_gmt":"2024-02-14T14:54:12","guid":{"rendered":"https:\/\/edi.ifzg.hr\/?page_id=35"},"modified":"2026-02-04T11:48:29","modified_gmt":"2026-02-04T11:48:29","slug":"publikacije","status":"publish","type":"page","link":"https:\/\/edi.ifzg.hr\/index.php\/publikacije\/","title":{"rendered":"Publikacije"},"content":{"rendered":"\n<p class=\"has-text-align-center has-large-font-size\"><a href=\"http:\/\/edi.ifzg.hr\">Etika i dru\u0161tveni izazovi<\/a><\/p>\n\n\n\n<div class=\"wp-block-buttons is-content-justification-center is-layout-flex wp-container-core-buttons-is-layout-a89b3969 wp-block-buttons-is-layout-flex\">\n<div class=\"wp-block-button\"><a class=\"wp-block-button__link has-small-font-size has-custom-font-size wp-element-button\" href=\"https:\/\/edi.ifzg.hr\/index.php\/o_projektu\/\">O projektu<\/a><\/div>\n\n\n\n<div class=\"wp-block-button\"><a class=\"wp-block-button__link has-small-font-size has-custom-font-size wp-element-button\" href=\"https:\/\/edi.ifzg.hr\/index.php\/clanovi\/\">\u010clanovi<\/a><\/div>\n\n\n\n<div class=\"wp-block-button\"><a class=\"wp-block-button__link has-small-font-size has-custom-font-size wp-element-button\" href=\"https:\/\/edi.ifzg.hr\/index.php\/publikacije\/\">Publikacije<\/a><\/div>\n\n\n\n<div class=\"wp-block-button\"><a class=\"wp-block-button__link has-small-font-size has-custom-font-size wp-element-button\" href=\"https:\/\/edi.ifzg.hr\/index.php\/aktivnosti\/\">Aktivnosti<\/a><\/div>\n\n\n\n<div class=\"wp-block-button\"><a class=\"wp-block-button__link has-small-font-size has-custom-font-size wp-element-button\" href=\"https:\/\/edi.ifzg.hr\/index.php\/kontakt\/\">Kontakt<\/a><\/div>\n<\/div>\n\n\n\n<p class=\"has-large-font-size\">Publikacije<\/p>\n\n\n\n<p>Crnko, Tamara (2025), \u201e<a href=\"https:\/\/www.tandfonline.com\/doi\/full\/10.1080\/13698230.2025.2606549\" target=\"_blank\" rel=\"noreferrer noopener\">Challenging the argument from self-determination: exclusion, liberalism, and democracy<\/a>\u201c, <em>Critical Review of International Social and Political Philosophy<\/em> (online first).<\/p>\n\n\n\n<p>Grgi\u0107, Lovro (2025), \u201e<a href=\"https:\/\/hrcak.srce.hr\/340397\" target=\"_blank\" rel=\"noreferrer noopener\">Vojska Europske unije iz kantovske perspektive<\/a>\u201c, <em>Politi\u010dka misao: \u010dasopis za politologiju<\/em> 62 (3): 11-32.<\/p>\n\n\n\n<p>Domazet, Mladen (2025), \u201e\u00bb<a href=\"https:\/\/hrcak.srce.hr\/clanak\/492241\" target=\"_blank\" rel=\"noreferrer noopener\">Ostavimo zajedno ovo mjesto sramote i \u017ealosti\u00ab: priroda u kratkim pri\u010dama Augusta Cesarca<\/a>\u201c, <em>Prilozi za istra\u017eivanje hrvatske filozofske ba\u0161tine <\/em>51 (2): 341-360.<\/p>\n\n\n\n<p>Grgi\u0107, Ana i Grgi\u0107, Filip (ur.) (2025), <a href=\"https:\/\/noviweb.ifzg.hr\/proizvod\/gjuro_arnold-etika_i_poviest\/\" target=\"_blank\" rel=\"noreferrer noopener\"><em>Gjuro Arnold: Etika i poviest<\/em><\/a><em>.<\/em> Zagreb: Institut za filozofiju.<\/p>\n\n\n\n<p>Ivankovi\u0107, Viktor i Kudlek, Karolina (2025), \u201e<a href=\"https:\/\/link.springer.com\/article\/10.1007\/s11299-025-00337-w\" target=\"_blank\" rel=\"noreferrer noopener\">Nudges, Norms and Moral Progress<\/a>\u201c, <em>Mind &amp; Society<\/em> 24 (2): 713-737.<\/p>\n\n\n\n<p>Grgi\u0107, Filip (2025), \u201eAristotle on When Ignorance Is an Excuse\u201c, <em>Acta Analytica<\/em> (forthcoming).<\/p>\n\n\n\n<p>Domazet, Mladen (2025), \u201eThe degrowth doughnut\u201c u <a href=\"https:\/\/www.routledge.com\/Routledge-Handbook-of-Degrowth\/Nelson\/p\/book\/9781032645247\" target=\"_blank\" rel=\"noreferrer noopener\"><em>Routledge Handbook of Degrowth<\/em><\/a> (ur. Nelson, A. i Liegey, V.), str. 211-231. London: Routledge.<\/p>\n\n\n\n<p>Grgi\u0107, Filip (2025), \u201e<a href=\"https:\/\/philpapers.org\/rec\/GRGATA\" target=\"_blank\" rel=\"noreferrer noopener\">Aristotle\u2019s tyche and real luck<\/a>\u201c, <em>Archiv f\u00fcr Begriffsgeschichte<\/em> 67 (1): 69-88.<\/p>\n\n\n\n<p>Domazet, Mladen i Lubbock, Rowan (2025), \u201eMovement without a movement: Food self-provisioning in Eastern Europe and the Balkans as emergent transformation towards a degrowth mode of living\u201c, <em>Journal of Political Ecology<\/em> 32 (1): 1-11.<\/p>\n\n\n\n<p>Ivankovi\u0107, Viktor i Moles, Andres (2025), \u201e<a href=\"https:\/\/www.cambridge.org\/core\/journals\/behavioural-public-policy\/article\/inevitability-argument-for-choice-architecture-and-the-evidencebased-view\/1B7835D90C71B7F762FF4A19E195FB80\" target=\"_blank\" rel=\"noreferrer noopener\">The inevitability argument for choice architecture and the evidence-based view<\/a>\u201c, <em>Behavioural Public Policy <\/em>(online first).<\/p>\n\n\n\n<p>Engelen, Bart i Ivankovi\u0107, Viktor (2025), \u201e<a href=\"https:\/\/onlinelibrary.wiley.com\/doi\/10.1111\/japp.12784\" target=\"_blank\" rel=\"noreferrer noopener\">What I Really, Really Want: The Role, Nature, and Value of True Preferences in the Ethics of Nudging<\/a>\u201c, <em>Journal of Applied Philosophy <\/em>42 (4): 1127-1150.<\/p>\n\n\n\n<p>Bracanovi\u0107, Tomislav (2024), \u201e<a href=\"https:\/\/hrcak.srce.hr\/332234\" target=\"_blank\" rel=\"noreferrer noopener\">Evolucionizam i antirealizam u Lelasovoj teoriji znanosti<\/a>\u201c, <em>Revija za sociologiju <\/em>54 (3): 251-271.<\/p>\n\n\n\n<p>Tvrtko Joli\u0107 (2024), \u201e<a href=\"https:\/\/hrcak.srce.hr\/323310\" target=\"_blank\" rel=\"noreferrer noopener\">Pedeset godina istra\u017eivanja hrvatske politi\u010dke filozofije. O politi\u010dkoj filozofiji u Prilozima za istra\u017eivanje hrvatske filozofske ba\u0161tine<\/a>\u201c, <em>Prilozi za istra\u017eivanje hrvatske filozofske ba\u0161tine<\/em> 50 (2): 703-730.<\/p>\n\n\n\n<p>Grgi\u0107, Filip (2024), \u201e<a href=\"https:\/\/hrcak.srce.hr\/322309\" target=\"_blank\" rel=\"noreferrer noopener\">Kada je moralno neznanje izgovor?<\/a>\u201c, <em>Nova prisutnost<\/em> 22 (3): 473-490.<\/p>\n\n\n\n<p>Grgi\u0107, Filip (2024), \u201eGjuro Arnold o slobodnoj volji\u201c, u <em>Filozofijsko djelo Gjure Arnolda: zbornik radova sa znanstvenog skupa Matice hrvatske u povodu 170. obljetnice ro\u0111enja Gjure Arnolda<\/em> (ur: Podrug, B.), str. 91-108.<\/p>\n\n\n\n<p>Bodlovi\u0107, Petar i Kudlek, Karolina (2024), \u201e<a href=\"https:\/\/link.springer.com\/article\/10.1007\/s10677-024-10465-w\" target=\"_blank\" rel=\"noreferrer noopener\">Knowledge Versus Understanding: What Drives Moral Progress?<\/a>\u201c, <em>Ethical Theory and Moral Practice<\/em> (online first).<\/p>\n\n\n\n<p>Bracanovi\u0107, Tomislav (2024), \u201e<a href=\"https:\/\/hrcak.srce.hr\/en\/320036\" target=\"_blank\" rel=\"noreferrer noopener\">Integrative Bioethics: A Blind Alley of European Bioethics<\/a>\u201c, <em>European Journal of Analytic Philosophy <\/em>20 (1): 181-204.<\/p>\n\n\n\n<p>Bodlovi\u0107, Petar (2024), \u201e<a href=\"https:\/\/hrcak.srce.hr\/en\/317608\" target=\"_blank\" rel=\"noreferrer noopener\">Suvremena teorija argumentacije: normativna slojevitost svakodnevnih argumenata<\/a>\u201c, <em>Prolegomena <\/em>23 (1): 91-159.<\/p>\n\n\n\n<p>Vrdoljak, Tvrtko (2024), \u201e<a href=\"https:\/\/www.euppublishing.com\/doi\/abs\/10.3366\/jspp.2024.0088?journalCode=jspp\" target=\"_blank\" rel=\"noreferrer noopener\">Nietzsche&#8217;s Political Naturalism: Beyond Logocentrism and Anthropocentrism<\/a>\u201c, <em>Journal of Social and Political Philosophy <\/em>3 (2): 196-215.<\/p>\n","protected":false},"excerpt":{"rendered":"<p>Etika i dru\u0161tveni izazovi Publikacije Crnko, Tamara (2025), \u201eChallenging the argument from self-determination: exclusion, liberalism, and democracy\u201c, Critical Review of International Social and Political Philosophy (online first). Grgi\u0107, Lovro (2025), \u201eVojska Europske unije iz kantovske perspektive\u201c, Politi\u010dka misao: \u010dasopis za politologiju 62 (3): 11-32. Domazet, Mladen (2025), \u201e\u00bbOstavimo zajedno ovo mjesto sramote i \u017ealosti\u00ab: priroda [&hellip;]<\/p>\n","protected":false},"author":1,"featured_media":0,"parent":0,"menu_order":0,"comment_status":"closed","ping_status":"closed","template":"page-no-title","meta":{"footnotes":""},"class_list":["post-35","page","type-page","status-publish","hentry"],"_links":{"self":[{"href":"https:\/\/edi.ifzg.hr\/index.php\/wp-json\/wp\/v2\/pages\/35","targetHints":{"allow":["GET"]}}],"collection":[{"href":"https:\/\/edi.ifzg.hr\/index.php\/wp-json\/wp\/v2\/pages"}],"about":[{"href":"https:\/\/edi.ifzg.hr\/index.php\/wp-json\/wp\/v2\/types\/page"}],"author":[{"embeddable":true,"href":"https:\/\/edi.ifzg.hr\/index.php\/wp-json\/wp\/v2\/users\/1"}],"replies":[{"embeddable":true,"href":"https:\/\/edi.ifzg.hr\/index.php\/wp-json\/wp\/v2\/comments?post=35"}],"version-history":[{"count":9,"href":"https:\/\/edi.ifzg.hr\/index.php\/wp-json\/wp\/v2\/pages\/35\/revisions"}],"predecessor-version":[{"id":181,"href":"https:\/\/edi.ifzg.hr\/index.php\/wp-json\/wp\/v2\/pages\/35\/revisions\/181"}],"wp:attachment":[{"href":"https:\/\/edi.ifzg.hr\/index.php\/wp-json\/wp\/v2\/media?parent=35"}],"curies":[{"name":"wp","href":"https:\/\/api.w.org\/{rel}","templated":true}]}}