{"id":27,"date":"2024-02-14T14:46:34","date_gmt":"2024-02-14T14:46:34","guid":{"rendered":"https:\/\/edi.ifzg.hr\/?page_id=27"},"modified":"2026-02-04T11:42:09","modified_gmt":"2026-02-04T11:42:09","slug":"clanovi","status":"publish","type":"page","link":"https:\/\/edi.ifzg.hr\/index.php\/clanovi\/","title":{"rendered":"\u010clanovi"},"content":{"rendered":"\n<p class=\"has-text-align-center has-large-font-size\"><a href=\"http:\/\/edi.ifzg.hr\" data-type=\"link\" data-id=\"edi.ifzg.hr\">Etika i dru\u0161tveni izazovi<\/a><\/p>\n\n\n\n<div class=\"wp-block-buttons is-content-justification-center is-layout-flex wp-container-core-buttons-is-layout-a89b3969 wp-block-buttons-is-layout-flex\">\n<div class=\"wp-block-button\"><a class=\"wp-block-button__link has-small-font-size has-custom-font-size wp-element-button\" href=\"https:\/\/edi.ifzg.hr\/index.php\/o_projektu\/\">O projektu<\/a><\/div>\n\n\n\n<div class=\"wp-block-button\"><a class=\"wp-block-button__link has-small-font-size has-custom-font-size wp-element-button\" href=\"https:\/\/edi.ifzg.hr\/index.php\/clanovi\/\">\u010clanovi<\/a><\/div>\n\n\n\n<div class=\"wp-block-button\"><a class=\"wp-block-button__link has-small-font-size has-custom-font-size wp-element-button\" href=\"https:\/\/edi.ifzg.hr\/index.php\/publikacije\/\">Publikacije<\/a><\/div>\n\n\n\n<div class=\"wp-block-button\"><a class=\"wp-block-button__link has-small-font-size has-custom-font-size wp-element-button\" href=\"https:\/\/edi.ifzg.hr\/index.php\/aktivnosti\/\">Aktivnosti<\/a><\/div>\n\n\n\n<div class=\"wp-block-button\"><a class=\"wp-block-button__link has-small-font-size has-custom-font-size wp-element-button\" href=\"https:\/\/edi.ifzg.hr\/index.php\/kontakt\/\">Kontakt<\/a><\/div>\n<\/div>\n\n\n\n<p class=\"has-large-font-size\">\u010clanovi (Institut za filozofiju, Zagreb)<\/p>\n\n\n\n<p>Viktor Ivankovi\u0107<br><a href=\"https:\/\/www.croris.hr\/osobe\/profil\/36225\" target=\"_blank\" rel=\"noreferrer noopener\">CroRIS<\/a><br><a href=\"https:\/\/www.ifzg.hr\/ustroj\/svi_zaposlenici_instituta_za_filozofiju\/ivankovic-zivotopis\/\" target=\"_blank\" rel=\"noreferrer noopener\">\u017divotopis<\/a><br><a href=\"https:\/\/scholar.google.com\/citations?user=6MvAXDUAAAAJ&amp;hl=hr\" target=\"_blank\" rel=\"noreferrer noopener\">Google Scholar<\/a><br>Teme: etika bihevioralnih utjecaja i suvremenih tehnologija<br>Voditelj projekta<\/p>\n\n\n\n<p>Mia Biturajac <br><a href=\"https:\/\/www.croris.hr\/osobe\/profil\/35123?lang=en\" data-type=\"link\" data-id=\"https:\/\/www.croris.hr\/osobe\/profil\/35123?lang=en\" target=\"_blank\" rel=\"noreferrer noopener\">CroRIS<\/a><br><a href=\"https:\/\/www.ifzg.hr\/ustroj\/svi_zaposlenici_instituta_za_filozofiju\/biturajac-zivotopis\/\" data-type=\"link\" data-id=\"https:\/\/www.ifzg.hr\/djelatnici\/biturajac-zivotopis\/\" target=\"_blank\" rel=\"noreferrer noopener\">\u017divotopis<\/a><br><a href=\"https:\/\/scholar.google.com\/citations?hl=hr&amp;user=d9x0akMAAAAJ\" target=\"_blank\" rel=\"noreferrer noopener\">Google Scholar<\/a><br>Teme: filozofija psihijatrije<\/p>\n\n\n\n<p>Charlie Blunden<br><a href=\"https:\/\/www.ifzg.hr\/ustroj\/svi_zaposlenici_instituta_za_filozofiju\/blunden-zivotopis\/\" target=\"_blank\" rel=\"noreferrer noopener\">\u017divotopis<\/a><br><a href=\"https:\/\/scholar.google.com\/citations?hl=hr&amp;user=u1ZcM2EAAAAJ\" target=\"_blank\" rel=\"noreferrer noopener\">Google Scholar<\/a><br>Teme: moralni napredak, etika i ekonomija<\/p>\n\n\n\n<p>Tomislav Bracanovi\u0107<br><a href=\"https:\/\/croris.hr\/osobe\/profil\/26754\" target=\"_blank\" rel=\"noreferrer noopener\">CroRIS<\/a><br><a href=\"https:\/\/tomislav.bracanovic.ifzg.hr\/\" target=\"_blank\" rel=\"noreferrer noopener\">\u017divotopis<\/a><br><a href=\"https:\/\/scholar.google.hr\/citations?user=Zt37nZcAAAAJ&amp;hl=en\" target=\"_blank\" rel=\"noreferrer noopener\">Google Scholar<\/a><br>Teme: etika suvremenih tehnologija, novija hrvatska filozofija<\/p>\n\n\n\n<p>Mladen Domazet<br><a href=\"https:\/\/www.croris.hr\/osobe\/profil\/3552\" target=\"_blank\" rel=\"noreferrer noopener\">CroRIS<\/a><br><a href=\"https:\/\/www.ifzg.hr\/ustroj\/svi_zaposlenici_instituta_za_filozofiju\/domazet-zivotopis\/\" target=\"_blank\" rel=\"noreferrer noopener\">\u017divotopis<\/a><br><a href=\"https:\/\/scholar.google.hr\/citations?hl=en&amp;user=dZLvB1sAAAAJ\" target=\"_blank\" rel=\"noreferrer noopener\">Google Scholar<\/a><br>Teme: klimatske promjene, etika i ekonomska pitanja<\/p>\n\n\n\n<p>Helena Drmi\u0107<br><a href=\"https:\/\/www.ifzg.hr\/ustroj\/svi_zaposlenici_instituta_za_filozofiju\/drmic-zivotopis\/\" target=\"_blank\" rel=\"noreferrer noopener\">\u017divotopis<\/a><br><a href=\"https:\/\/www.ifzg.hr\/ustroj\/svi_zaposlenici_instituta_za_filozofiju\/drmic-bibliografija\/\" target=\"_blank\" rel=\"noreferrer noopener\">Bibliografija<\/a><br>Teme: etika umjetne inteligence<\/p>\n\n\n\n<p>Filip Grgi\u0107<br><a href=\"https:\/\/www.croris.hr\/osobe\/profil\/9652\" target=\"_blank\" rel=\"noreferrer noopener\">CroRIS<\/a><br><a href=\"https:\/\/www.ifzg.hr\/ustroj\/svi_zaposlenici_instituta_za_filozofiju\/grgic-zivotopis\/\" target=\"_blank\" rel=\"noreferrer noopener\">\u017divotopis<\/a><br><a href=\"https:\/\/scholar.google.hr\/citations?hl=en&amp;user=FJda138AAAAJ\" target=\"_blank\" rel=\"noreferrer noopener\">Google Scholar<\/a><br>Teme: aristotelovske teme, povijest eti\u010dkih pojmova<\/p>\n\n\n\n<p>Tvrtko Joli\u0107<br><a href=\"https:\/\/www.croris.hr\/osobe\/profil\/13854\" target=\"_blank\" rel=\"noreferrer noopener\">CroRIS<\/a><br><a href=\"https:\/\/www.ifzg.hr\/ustroj\/svi_zaposlenici_instituta_za_filozofiju\/jolic-zivotopis\/\" target=\"_blank\" rel=\"noreferrer noopener\">\u017divotopis<\/a><br><a href=\"https:\/\/scholar.google.hr\/citations?hl=en&amp;user=HCCFVVkAAAAJ\" target=\"_blank\" rel=\"noreferrer noopener\">Google Scholar<\/a><br>Teme: klimatske promjene i me\u0111ugeneracijska pravednost<\/p>\n\n\n\n<p>Matej Su\u0161nik<br><a href=\"https:\/\/www.croris.hr\/osobe\/profil\/261\" target=\"_blank\" rel=\"noreferrer noopener\">CroRIS<\/a><br><a href=\"https:\/\/www.ifzg.hr\/ustroj\/svi_zaposlenici_instituta_za_filozofiju\/susnik-zivotopis\/\" target=\"_blank\" rel=\"noreferrer noopener\">\u017divotopis<\/a><br><a href=\"https:\/\/scholar.google.com\/citations?user=dmviGv4AAAAJ&amp;hl=en\" target=\"_blank\" rel=\"noreferrer noopener\">Google Scholar<\/a><br>Teme: temeljni eti\u010dki pojmovi, teorija pravednog rata<\/p>\n\n\n\n<p>Marco Tassella<br><a href=\"https:\/\/www.ifzg.hr\/ustroj\/svi_zaposlenici_instituta_za_filozofiju\/tassella-zivotopis\/\" target=\"_blank\" rel=\"noreferrer noopener\">\u017divotopis<\/a><br>Teme: slobodna volja, moralna odgovornost, etika umjetne inteligencije<\/p>\n\n\n\n<p>Monika Zeba<br><a href=\"https:\/\/www.ifzg.hr\/ustroj\/svi_zaposlenici_instituta_za_filozofiju\/zeba-zivotopis\/\" target=\"_blank\" rel=\"noreferrer noopener\">\u017divotopis<\/a><br><a href=\"https:\/\/www.ifzg.hr\/ustroj\/svi_zaposlenici_instituta_za_filozofiju\/zeba-bibliografija\/\" target=\"_blank\" rel=\"noreferrer noopener\">Bibliografija<\/a><br>Teme: moralni napredak<\/p>\n\n\n\n<p class=\"has-large-font-size\">Vanjski suradnici<\/p>\n\n\n\n<p>Petar Bodlovi\u0107<br><a href=\"https:\/\/ifilnova.pt\/en\/people\/petar-bodlovic\/\" target=\"_blank\" rel=\"noreferrer noopener\">\u017divotopis<\/a><br><a href=\"https:\/\/scholar.google.com\/citations?hl=en&amp;user=7lkPcdQAAAAJ\" target=\"_blank\" rel=\"noreferrer noopener\">Google Scholar<\/a><br>Teme: temeljni pojmovi i teorije etike u javnoj raspravi<\/p>\n\n\n\n<p>Tamara Crnko<br><a href=\"https:\/\/www.croris.hr\/osobe\/profil\/35311\" target=\"_blank\" rel=\"noreferrer noopener\">CroRIS<\/a><br><a href=\"https:\/\/scholar.google.com\/citations?hl=hr&amp;user=pywGuOwAAAAJ\" target=\"_blank\" rel=\"noreferrer noopener\">Google Scholar<\/a><br>Teme: etika imigracija, klimatske promjene<\/p>\n\n\n\n<p>Lovro Grgi\u0107<br>Srednja \u0161kola, Jelkovec<br>Teme: etika imigracija, gra\u0111anski neposluh, moralni napredak<\/p>\n\n\n\n<p>Nino Kadi\u0107<br><a href=\"https:\/\/edi.ifzg.hr\/wp-content\/uploads\/2024\/12\/Nino_Kadic-CV-HR.pdf\" target=\"_blank\" rel=\"noreferrer noopener\">\u017divotopis<\/a><br><a href=\"https:\/\/scholar.google.hr\/citations?user=4T9_E88AAAAJ&amp;hl=hr\" target=\"_blank\" rel=\"noreferrer noopener\">Google Scholar<\/a><br>Teme: etika novih tehnologija i njihov utjecaj na poimanje \u010dovjeka<\/p>\n\n\n\n<p>Alexandra K\u00f6ves<br><a href=\"https:\/\/greattransition.org\/contributor\/alexandra-koeves\" target=\"_blank\" rel=\"noreferrer noopener\">\u017divotopis<\/a><br><a href=\"https:\/\/scholar.google.com\/citations?hl=hr&amp;user=cLmCOj0AAAAJ\" target=\"_blank\" rel=\"noreferrer noopener\">Google Scholar<\/a><br>Teme: ekolo\u0161ka ekonomija, odr\u017eivi razvoj<\/p>\n\n\n\n<p>Ninoslav Kri\u017ei\u0107<br>Neovisni znanstvenik<br>Teme: smisao \u017eivota, etika interpersonalnih odnosa, antinatalizam<\/p>\n\n\n\n<p>Lovorka Ma\u0111arevi\u0107<br><a href=\"https:\/\/www.croris.hr\/osobe\/profil\/230\" target=\"_blank\" rel=\"noreferrer noopener\">CroRIS<\/a><br>Teme: filozofija odgoja, moralne emocije u ljudskome pona\u0161anju, popularizacija znanosti<\/p>\n\n\n\n<p>Lovro Savi\u0107<br><a href=\"https:\/\/www.ethox.ox.ac.uk\/team\/lovro-savic\" target=\"_blank\" rel=\"noreferrer noopener\">\u017divotopis<\/a><br><a href=\"https:\/\/scholar.google.hr\/citations?user=UQDr0GYAAAAJ&amp;hl=en\" target=\"_blank\" rel=\"noreferrer noopener\">Google Scholar<\/a><br>Teme: biomedicinska etika, dru\u0161tveni izazovi u zdravstvenom sustavu<\/p>\n\n\n\n<p>Tvrtko Vrdoljak<br><a href=\"https:\/\/ipe.hr\/tvrtko-vrdoljak\/\" target=\"_blank\" rel=\"noreferrer noopener\">\u017divotopis<\/a><br>Teme: ekolo\u0161ka filozofija i filozofija dru\u0161tvenih znanosti<\/p>\n","protected":false},"excerpt":{"rendered":"<p>Etika i dru\u0161tveni izazovi \u010clanovi (Institut za filozofiju, Zagreb) Viktor Ivankovi\u0107CroRIS\u017divotopisGoogle ScholarTeme: etika bihevioralnih utjecaja i suvremenih tehnologijaVoditelj projekta Mia Biturajac CroRIS\u017divotopisGoogle ScholarTeme: filozofija psihijatrije Charlie Blunden\u017divotopisGoogle ScholarTeme: moralni napredak, etika i ekonomija Tomislav Bracanovi\u0107CroRIS\u017divotopisGoogle ScholarTeme: etika suvremenih tehnologija, novija hrvatska filozofija Mladen DomazetCroRIS\u017divotopisGoogle ScholarTeme: klimatske promjene, etika i ekonomska pitanja Helena Drmi\u0107\u017divotopisBibliografijaTeme: etika umjetne [&hellip;]<\/p>\n","protected":false},"author":1,"featured_media":0,"parent":0,"menu_order":0,"comment_status":"closed","ping_status":"closed","template":"page-no-title","meta":{"footnotes":""},"class_list":["post-27","page","type-page","status-publish","hentry"],"_links":{"self":[{"href":"https:\/\/edi.ifzg.hr\/index.php\/wp-json\/wp\/v2\/pages\/27","targetHints":{"allow":["GET"]}}],"collection":[{"href":"https:\/\/edi.ifzg.hr\/index.php\/wp-json\/wp\/v2\/pages"}],"about":[{"href":"https:\/\/edi.ifzg.hr\/index.php\/wp-json\/wp\/v2\/types\/page"}],"author":[{"embeddable":true,"href":"https:\/\/edi.ifzg.hr\/index.php\/wp-json\/wp\/v2\/users\/1"}],"replies":[{"embeddable":true,"href":"https:\/\/edi.ifzg.hr\/index.php\/wp-json\/wp\/v2\/comments?post=27"}],"version-history":[{"count":18,"href":"https:\/\/edi.ifzg.hr\/index.php\/wp-json\/wp\/v2\/pages\/27\/revisions"}],"predecessor-version":[{"id":177,"href":"https:\/\/edi.ifzg.hr\/index.php\/wp-json\/wp\/v2\/pages\/27\/revisions\/177"}],"wp:attachment":[{"href":"https:\/\/edi.ifzg.hr\/index.php\/wp-json\/wp\/v2\/media?parent=27"}],"curies":[{"name":"wp","href":"https:\/\/api.w.org\/{rel}","templated":true}]}}