{"id":19,"date":"2024-02-14T14:09:30","date_gmt":"2024-02-14T14:09:30","guid":{"rendered":"https:\/\/edi.ifzg.hr\/?page_id=19"},"modified":"2024-02-16T13:37:39","modified_gmt":"2024-02-16T13:37:39","slug":"o_projektu","status":"publish","type":"page","link":"https:\/\/edi.ifzg.hr\/index.php\/o_projektu\/","title":{"rendered":"O projektu"},"content":{"rendered":"\n<p class=\"has-text-align-center has-large-font-size\"><a href=\"http:\/\/edi.ifzg.hr\">Etika i dru\u0161tveni izazovi<\/a><\/p>\n\n\n\n<div class=\"wp-block-buttons is-content-justification-center is-layout-flex wp-container-core-buttons-is-layout-a89b3969 wp-block-buttons-is-layout-flex\">\n<div class=\"wp-block-button has-custom-font-size has-small-font-size\"><a class=\"wp-block-button__link wp-element-button\" href=\"https:\/\/edi.ifzg.hr\/index.php\/o_projektu\/\">O projektu<\/a><\/div>\n\n\n\n<div class=\"wp-block-button has-custom-font-size has-small-font-size\"><a class=\"wp-block-button__link wp-element-button\" href=\"https:\/\/edi.ifzg.hr\/index.php\/clanovi\/\">\u010clanovi<\/a><\/div>\n\n\n\n<div class=\"wp-block-button has-custom-font-size has-small-font-size\"><a class=\"wp-block-button__link wp-element-button\" href=\"https:\/\/edi.ifzg.hr\/index.php\/publikacije\/\">Publikacije<\/a><\/div>\n\n\n\n<div class=\"wp-block-button has-custom-font-size has-small-font-size\"><a class=\"wp-block-button__link wp-element-button\" href=\"https:\/\/edi.ifzg.hr\/index.php\/aktivnosti\/\">Aktivnosti<\/a><\/div>\n\n\n\n<div class=\"wp-block-button has-custom-font-size has-small-font-size\"><a class=\"wp-block-button__link wp-element-button\" href=\"https:\/\/edi.ifzg.hr\/index.php\/kontakt\/\">Kontakt<\/a><\/div>\n<\/div>\n\n\n\n<p class=\"has-large-font-size\">O projektu<\/p>\n\n\n\n<p>Suvremena dru\u0161tva suo\u010davaju se s brojnim izazovima potaknutim politi\u010dkim, znanstvenim, tehnolo\u0161kim, kulturnim i prirodnim promjenama: od napretka znanosti i tehnologije, preko transformacije tradicionalnih okvira politi\u010dkog \u017eivota, do klimatskih promjena i prirodnih nepogoda. Radi se o izazovima koji rastvaraju \u0161iroku paletu prijepora eti\u010dke naravi koja zahtijeva sustavno i vi\u0161edimenzionalno istra\u017eivanje.<\/p>\n\n\n\n<p>Projekt \u0107e jednim dijelom biti posve\u0107en pitanju u kojoj mjeri klasi\u010dni eti\u010dki pojmovi i teorije predstavljaju kvalitetna metodolo\u0161ka oru\u0111a za jedan takav pothvat odnosno koje su njihove modifikacije neophodne.<\/p>\n\n\n\n<p>U \u017eari\u0161tu drugog i sredi\u0161njeg dijela projekta bit \u0107e konkretni dru\u0161tveni izazovi i njihovi eti\u010dki aspekti: klimatske promjene i njihove socioekonomske i populacijske implikacije; premre\u017eenost suvremenog \u017eivota tehnologijama poput umjetne inteligencije i pitanje njihova utjecaja na eti\u010dke i politi\u010dke vrijednosti poput autonomije, pravednosti i transparentnosti; biotehnolo\u0161ko mijenjanje ljudske prirode u svrhu pozitivnog utjecanja na dru\u0161tveno-politi\u010dke procese kao potencijalna metoda ostvarivanja moralnog napretka na individualnoj i dru\u0161tvenoj razini.<\/p>\n\n\n\n<p>Glavni naglasak tre\u0107eg dijela projekta bit \u0107e na potencijalu hrvatske tradicije prakti\u010dne filozofije, nastale u hrvatskim dru\u0161tvenim okvirima, za osmi\u0161ljavanje mogu\u0107ih pristupa izazovima dru\u0161tvenog \u017eivota 21. stolje\u0107a.<\/p>\n\n\n\n<p class=\"has-text-color has-link-color has-small-font-size wp-elements-8bb8cf601081e6bf0c26f222e3536e82\" style=\"color:#d93dac\">Projekt se provodi na Institutu za filozofiju u Zagrebu u razdoblju 2024\u20132027., prati ga Ministarstvo znanosti i obrazovanja Republike Hrvatske te se financira sredstvima iz Nacionalnog plana oporavka i otpornosti Europske Unije \u2013 NextGenerationEU.<\/p>\n","protected":false},"excerpt":{"rendered":"<p>Etika i dru\u0161tveni izazovi O projektu Suvremena dru\u0161tva suo\u010davaju se s brojnim izazovima potaknutim politi\u010dkim, znanstvenim, tehnolo\u0161kim, kulturnim i prirodnim promjenama: od napretka znanosti i tehnologije, preko transformacije tradicionalnih okvira politi\u010dkog \u017eivota, do klimatskih promjena i prirodnih nepogoda. Radi se o izazovima koji rastvaraju \u0161iroku paletu prijepora eti\u010dke naravi koja zahtijeva sustavno i vi\u0161edimenzionalno istra\u017eivanje. [&hellip;]<\/p>\n","protected":false},"author":1,"featured_media":0,"parent":0,"menu_order":0,"comment_status":"closed","ping_status":"closed","template":"page-no-title","meta":{"footnotes":""},"class_list":["post-19","page","type-page","status-publish","hentry"],"_links":{"self":[{"href":"https:\/\/edi.ifzg.hr\/index.php\/wp-json\/wp\/v2\/pages\/19","targetHints":{"allow":["GET"]}}],"collection":[{"href":"https:\/\/edi.ifzg.hr\/index.php\/wp-json\/wp\/v2\/pages"}],"about":[{"href":"https:\/\/edi.ifzg.hr\/index.php\/wp-json\/wp\/v2\/types\/page"}],"author":[{"embeddable":true,"href":"https:\/\/edi.ifzg.hr\/index.php\/wp-json\/wp\/v2\/users\/1"}],"replies":[{"embeddable":true,"href":"https:\/\/edi.ifzg.hr\/index.php\/wp-json\/wp\/v2\/comments?post=19"}],"version-history":[{"count":8,"href":"https:\/\/edi.ifzg.hr\/index.php\/wp-json\/wp\/v2\/pages\/19\/revisions"}],"predecessor-version":[{"id":96,"href":"https:\/\/edi.ifzg.hr\/index.php\/wp-json\/wp\/v2\/pages\/19\/revisions\/96"}],"wp:attachment":[{"href":"https:\/\/edi.ifzg.hr\/index.php\/wp-json\/wp\/v2\/media?parent=19"}],"curies":[{"name":"wp","href":"https:\/\/api.w.org\/{rel}","templated":true}]}}